{"id":216,"date":"2021-06-15T16:19:41","date_gmt":"2021-06-15T14:19:41","guid":{"rendered":"https:\/\/dev.l-form.fr\/?page_id=216"},"modified":"2025-12-12T15:58:48","modified_gmt":"2025-12-12T14:58:48","slug":"lequipe","status":"publish","type":"page","link":"https:\/\/www.l-form.fr\/index.php\/lequipe\/","title":{"rendered":"L&rsquo;Equipe"},"content":{"rendered":"\t\t<div data-elementor-type=\"wp-page\" data-elementor-id=\"216\" class=\"elementor elementor-216\">\n\t\t\t\t\t\t<section class=\"elementor-section elementor-top-section elementor-element elementor-element-58d74bd elementor-section-boxed elementor-section-height-default elementor-section-height-default\" data-id=\"58d74bd\" data-element_type=\"section\">\n\t\t\t\t\t\t<div class=\"elementor-container elementor-column-gap-default\">\n\t\t\t\t\t<div class=\"elementor-column elementor-col-100 elementor-top-column elementor-element elementor-element-10a60ad\" data-id=\"10a60ad\" data-element_type=\"column\">\n\t\t\t<div class=\"elementor-widget-wrap elementor-element-populated\">\n\t\t\t\t\t\t<div class=\"elementor-element elementor-element-6cf9935 elementor-widget elementor-widget-heading\" data-id=\"6cf9935\" data-element_type=\"widget\" data-widget_type=\"heading.default\">\n\t\t\t\t<div class=\"elementor-widget-container\">\n\t\t\t\t\t<h1 class=\"elementor-heading-title elementor-size-default\">L' \u00e9quipe L FORM<\/h1>\t\t\t\t<\/div>\n\t\t\t\t<\/div>\n\t\t\t\t\t<\/div>\n\t\t<\/div>\n\t\t\t\t\t<\/div>\n\t\t<\/section>\n\t\t\t\t<section class=\"elementor-section elementor-top-section elementor-element elementor-element-2b262ee elementor-section-boxed elementor-section-height-default elementor-section-height-default\" data-id=\"2b262ee\" data-element_type=\"section\">\n\t\t\t\t\t\t<div class=\"elementor-container elementor-column-gap-default\">\n\t\t\t\t\t<div class=\"elementor-column elementor-col-100 elementor-top-column elementor-element elementor-element-19f87fa\" data-id=\"19f87fa\" data-element_type=\"column\">\n\t\t\t<div class=\"elementor-widget-wrap elementor-element-populated\">\n\t\t\t\t\t\t<div class=\"elementor-element elementor-element-d4583e6 elementor-widget elementor-widget-image\" data-id=\"d4583e6\" data-element_type=\"widget\" data-widget_type=\"image.default\">\n\t\t\t\t<div class=\"elementor-widget-container\">\n\t\t\t\t\t\t\t\t\t\t\t\t\t\t\t<img fetchpriority=\"high\" decoding=\"async\" width=\"1024\" height=\"724\" src=\"https:\/\/www.l-form.fr\/wp-content\/uploads\/2025\/12\/lequipe-1024x724.jpg\" class=\"attachment-large size-large wp-image-899\" alt=\"\" srcset=\"https:\/\/www.l-form.fr\/wp-content\/uploads\/2025\/12\/lequipe-1024x724.jpg 1024w, https:\/\/www.l-form.fr\/wp-content\/uploads\/2025\/12\/lequipe-300x212.jpg 300w, https:\/\/www.l-form.fr\/wp-content\/uploads\/2025\/12\/lequipe-768x543.jpg 768w, https:\/\/www.l-form.fr\/wp-content\/uploads\/2025\/12\/lequipe-1536x1086.jpg 1536w, https:\/\/www.l-form.fr\/wp-content\/uploads\/2025\/12\/lequipe.jpg 2000w\" sizes=\"(max-width: 1024px) 100vw, 1024px\" \/>\t\t\t\t\t\t\t\t\t\t\t\t\t\t\t<\/div>\n\t\t\t\t<\/div>\n\t\t\t\t\t<\/div>\n\t\t<\/div>\n\t\t\t\t\t<\/div>\n\t\t<\/section>\n\t\t\t\t<section class=\"elementor-section elementor-top-section elementor-element elementor-element-0cb755f elementor-section-boxed elementor-section-height-default elementor-section-height-default\" data-id=\"0cb755f\" data-element_type=\"section\">\n\t\t\t\t\t\t<div class=\"elementor-container elementor-column-gap-default\">\n\t\t\t\t\t<div class=\"elementor-column elementor-col-100 elementor-top-column elementor-element elementor-element-cdeb6be\" data-id=\"cdeb6be\" data-element_type=\"column\">\n\t\t\t<div class=\"elementor-widget-wrap elementor-element-populated\">\n\t\t\t\t\t\t<div class=\"elementor-element elementor-element-5ed9e2a elementor-widget elementor-widget-text-editor\" data-id=\"5ed9e2a\" data-element_type=\"widget\" data-widget_type=\"text-editor.default\">\n\t\t\t\t<div class=\"elementor-widget-container\">\n\t\t\t\t\t\t\t\t\t<h4>L\u2019\u00e9quipe L Form est compos\u00e9e de professionnels passionn\u00e9s de sports. Elle vous accompagne chaque jour dans vos objectifs de remise en forme. Nous vous accueillons du lundi au samedi avec bonne humeur, sourire et bienveillance !<\/h4>\t\t\t\t\t\t\t\t<\/div>\n\t\t\t\t<\/div>\n\t\t\t\t<div class=\"elementor-element elementor-element-236022c elementor-widget elementor-widget-text-editor\" data-id=\"236022c\" data-element_type=\"widget\" data-widget_type=\"text-editor.default\">\n\t\t\t\t<div class=\"elementor-widget-container\">\n\t\t\t\t\t\t\t\t\t<h4>D\u00e9couvrez vite <span style=\"text-decoration: underline;\"><a href=\"https:\/\/www.l-form.fr\/index.php\/activites\/\">toutes les activit\u00e9s propos\u00e9es chez L FORM<\/a>,<\/span> et le<span style=\"text-decoration: underline;\"> <a href=\"https:\/\/www.l-form.fr\/index.php\/planning\/\">planning des cours collectifs.<\/a><\/span><\/h4>\t\t\t\t\t\t\t\t<\/div>\n\t\t\t\t<\/div>\n\t\t\t\t\t<\/div>\n\t\t<\/div>\n\t\t\t\t\t<\/div>\n\t\t<\/section>\n\t\t\t\t<\/div>\n\t\t","protected":false},"excerpt":{"rendered":"<p>L&rsquo; \u00e9quipe L FORM L\u2019\u00e9quipe L Form est compos\u00e9e de professionnels passionn\u00e9s de sports. Elle vous accompagne chaque jour dans vos objectifs de remise en forme. Nous vous accueillons du lundi au samedi avec bonne humeur, sourire et bienveillance ! D\u00e9couvrez vite toutes les activit\u00e9s propos\u00e9es chez L FORM, et le planning des cours collectifs.<\/p>\n","protected":false},"author":1,"featured_media":0,"parent":0,"menu_order":0,"comment_status":"closed","ping_status":"closed","template":"","meta":{"ocean_post_layout":"full-screen","ocean_both_sidebars_style":"","ocean_both_sidebars_content_width":0,"ocean_both_sidebars_sidebars_width":0,"ocean_sidebar":"0","ocean_second_sidebar":"0","ocean_disable_margins":"enable","ocean_add_body_class":"","ocean_shortcode_before_top_bar":"","ocean_shortcode_after_top_bar":"","ocean_shortcode_before_header":"","ocean_shortcode_after_header":"","ocean_has_shortcode":"","ocean_shortcode_after_title":"","ocean_shortcode_before_footer_widgets":"","ocean_shortcode_after_footer_widgets":"","ocean_shortcode_before_footer_bottom":"","ocean_shortcode_after_footer_bottom":"","ocean_display_top_bar":"off","ocean_display_header":"default","ocean_header_style":"","ocean_center_header_left_menu":"0","ocean_custom_header_template":"0","ocean_custom_logo":0,"ocean_custom_retina_logo":0,"ocean_custom_logo_max_width":0,"ocean_custom_logo_tablet_max_width":0,"ocean_custom_logo_mobile_max_width":0,"ocean_custom_logo_max_height":0,"ocean_custom_logo_tablet_max_height":0,"ocean_custom_logo_mobile_max_height":0,"ocean_header_custom_menu":"0","ocean_menu_typo_font_family":"0","ocean_menu_typo_font_subset":"","ocean_menu_typo_font_size":0,"ocean_menu_typo_font_size_tablet":0,"ocean_menu_typo_font_size_mobile":0,"ocean_menu_typo_font_size_unit":"px","ocean_menu_typo_font_weight":"","ocean_menu_typo_font_weight_tablet":"","ocean_menu_typo_font_weight_mobile":"","ocean_menu_typo_transform":"","ocean_menu_typo_transform_tablet":"","ocean_menu_typo_transform_mobile":"","ocean_menu_typo_line_height":0,"ocean_menu_typo_line_height_tablet":0,"ocean_menu_typo_line_height_mobile":0,"ocean_menu_typo_line_height_unit":"","ocean_menu_typo_spacing":0,"ocean_menu_typo_spacing_tablet":0,"ocean_menu_typo_spacing_mobile":0,"ocean_menu_typo_spacing_unit":"","ocean_menu_link_color":"","ocean_menu_link_color_hover":"","ocean_menu_link_color_active":"","ocean_menu_link_background":"","ocean_menu_link_hover_background":"","ocean_menu_link_active_background":"","ocean_menu_social_links_bg":"","ocean_menu_social_hover_links_bg":"","ocean_menu_social_links_color":"","ocean_menu_social_hover_links_color":"","ocean_disable_title":"on","ocean_disable_heading":"default","ocean_post_title":"","ocean_post_subheading":"","ocean_post_title_style":"","ocean_post_title_background_color":"","ocean_post_title_background":0,"ocean_post_title_bg_image_position":"","ocean_post_title_bg_image_attachment":"","ocean_post_title_bg_image_repeat":"","ocean_post_title_bg_image_size":"","ocean_post_title_height":0,"ocean_post_title_bg_overlay":0.5,"ocean_post_title_bg_overlay_color":"","ocean_disable_breadcrumbs":"default","ocean_breadcrumbs_color":"","ocean_breadcrumbs_separator_color":"","ocean_breadcrumbs_links_color":"","ocean_breadcrumbs_links_hover_color":"","ocean_display_footer_widgets":"off","ocean_display_footer_bottom":"off","ocean_custom_footer_template":"0","footnotes":""},"class_list":["post-216","page","type-page","status-publish","hentry","entry"],"yoast_head":"<!-- This site is optimized with the Yoast SEO plugin v26.6 - https:\/\/yoast.com\/wordpress\/plugins\/seo\/ -->\n<title>L&#039;Equipe - L FORM<\/title>\n<meta name=\"robots\" content=\"index, follow, max-snippet:-1, max-image-preview:large, max-video-preview:-1\" \/>\n<link rel=\"canonical\" href=\"https:\/\/www.l-form.fr\/index.php\/lequipe\/\" \/>\n<meta property=\"og:locale\" content=\"fr_FR\" \/>\n<meta property=\"og:type\" content=\"article\" \/>\n<meta property=\"og:title\" content=\"L&#039;Equipe - L FORM\" \/>\n<meta property=\"og:description\" content=\"L&rsquo; \u00e9quipe L FORM L\u2019\u00e9quipe L Form est compos\u00e9e de professionnels passionn\u00e9s de sports. Elle vous accompagne chaque jour dans vos objectifs de remise en forme. Nous vous accueillons du lundi au samedi avec bonne humeur, sourire et bienveillance ! D\u00e9couvrez vite toutes les activit\u00e9s propos\u00e9es chez L FORM, et le planning des cours collectifs.\" \/>\n<meta property=\"og:url\" content=\"https:\/\/www.l-form.fr\/index.php\/lequipe\/\" \/>\n<meta property=\"og:site_name\" content=\"L FORM\" \/>\n<meta property=\"article:modified_time\" content=\"2025-12-12T14:58:48+00:00\" \/>\n<meta property=\"og:image\" content=\"https:\/\/www.l-form.fr\/wp-content\/uploads\/2025\/12\/lequipe.jpg\" \/>\n\t<meta property=\"og:image:width\" content=\"2000\" \/>\n\t<meta property=\"og:image:height\" content=\"1414\" \/>\n\t<meta property=\"og:image:type\" content=\"image\/jpeg\" \/>\n<meta name=\"twitter:card\" content=\"summary_large_image\" \/>\n<meta name=\"twitter:label1\" content=\"Dur\u00e9e de lecture estim\u00e9e\" \/>\n\t<meta name=\"twitter:data1\" content=\"1 minute\" \/>\n<script type=\"application\/ld+json\" class=\"yoast-schema-graph\">{\"@context\":\"https:\/\/schema.org\",\"@graph\":[{\"@type\":\"WebPage\",\"@id\":\"https:\/\/www.l-form.fr\/index.php\/lequipe\/\",\"url\":\"https:\/\/www.l-form.fr\/index.php\/lequipe\/\",\"name\":\"L'Equipe - L FORM\",\"isPartOf\":{\"@id\":\"https:\/\/www.l-form.fr\/#website\"},\"primaryImageOfPage\":{\"@id\":\"https:\/\/www.l-form.fr\/index.php\/lequipe\/#primaryimage\"},\"image\":{\"@id\":\"https:\/\/www.l-form.fr\/index.php\/lequipe\/#primaryimage\"},\"thumbnailUrl\":\"https:\/\/www.l-form.fr\/wp-content\/uploads\/2025\/12\/lequipe-1024x724.jpg\",\"datePublished\":\"2021-06-15T14:19:41+00:00\",\"dateModified\":\"2025-12-12T14:58:48+00:00\",\"breadcrumb\":{\"@id\":\"https:\/\/www.l-form.fr\/index.php\/lequipe\/#breadcrumb\"},\"inLanguage\":\"fr-FR\",\"potentialAction\":[{\"@type\":\"ReadAction\",\"target\":[\"https:\/\/www.l-form.fr\/index.php\/lequipe\/\"]}]},{\"@type\":\"ImageObject\",\"inLanguage\":\"fr-FR\",\"@id\":\"https:\/\/www.l-form.fr\/index.php\/lequipe\/#primaryimage\",\"url\":\"https:\/\/www.l-form.fr\/wp-content\/uploads\/2025\/12\/lequipe.jpg\",\"contentUrl\":\"https:\/\/www.l-form.fr\/wp-content\/uploads\/2025\/12\/lequipe.jpg\",\"width\":2000,\"height\":1414},{\"@type\":\"BreadcrumbList\",\"@id\":\"https:\/\/www.l-form.fr\/index.php\/lequipe\/#breadcrumb\",\"itemListElement\":[{\"@type\":\"ListItem\",\"position\":1,\"name\":\"Accueil\",\"item\":\"https:\/\/www.l-form.fr\/\"},{\"@type\":\"ListItem\",\"position\":2,\"name\":\"L&rsquo;Equipe\"}]},{\"@type\":\"WebSite\",\"@id\":\"https:\/\/www.l-form.fr\/#website\",\"url\":\"https:\/\/www.l-form.fr\/\",\"name\":\"L FORM\",\"description\":\"Un moment pour elles\",\"publisher\":{\"@id\":\"https:\/\/www.l-form.fr\/#organization\"},\"potentialAction\":[{\"@type\":\"SearchAction\",\"target\":{\"@type\":\"EntryPoint\",\"urlTemplate\":\"https:\/\/www.l-form.fr\/?s={search_term_string}\"},\"query-input\":{\"@type\":\"PropertyValueSpecification\",\"valueRequired\":true,\"valueName\":\"search_term_string\"}}],\"inLanguage\":\"fr-FR\"},{\"@type\":\"Organization\",\"@id\":\"https:\/\/www.l-form.fr\/#organization\",\"name\":\"L FORM\",\"url\":\"https:\/\/www.l-form.fr\/\",\"logo\":{\"@type\":\"ImageObject\",\"inLanguage\":\"fr-FR\",\"@id\":\"https:\/\/www.l-form.fr\/#\/schema\/logo\/image\/\",\"url\":\"https:\/\/www.l-form.fr\/wp-content\/uploads\/2021\/06\/cropped-cropped-cropped-logo-lform-1.jpg\",\"contentUrl\":\"https:\/\/www.l-form.fr\/wp-content\/uploads\/2021\/06\/cropped-cropped-cropped-logo-lform-1.jpg\",\"width\":210,\"height\":70,\"caption\":\"L FORM\"},\"image\":{\"@id\":\"https:\/\/www.l-form.fr\/#\/schema\/logo\/image\/\"}}]}<\/script>\n<!-- \/ Yoast SEO plugin. -->","yoast_head_json":{"title":"L'Equipe - L FORM","robots":{"index":"index","follow":"follow","max-snippet":"max-snippet:-1","max-image-preview":"max-image-preview:large","max-video-preview":"max-video-preview:-1"},"canonical":"https:\/\/www.l-form.fr\/index.php\/lequipe\/","og_locale":"fr_FR","og_type":"article","og_title":"L'Equipe - L FORM","og_description":"L&rsquo; \u00e9quipe L FORM L\u2019\u00e9quipe L Form est compos\u00e9e de professionnels passionn\u00e9s de sports. Elle vous accompagne chaque jour dans vos objectifs de remise en forme. Nous vous accueillons du lundi au samedi avec bonne humeur, sourire et bienveillance ! D\u00e9couvrez vite toutes les activit\u00e9s propos\u00e9es chez L FORM, et le planning des cours collectifs.","og_url":"https:\/\/www.l-form.fr\/index.php\/lequipe\/","og_site_name":"L FORM","article_modified_time":"2025-12-12T14:58:48+00:00","og_image":[{"width":2000,"height":1414,"url":"https:\/\/www.l-form.fr\/wp-content\/uploads\/2025\/12\/lequipe.jpg","type":"image\/jpeg"}],"twitter_card":"summary_large_image","twitter_misc":{"Dur\u00e9e de lecture estim\u00e9e":"1 minute"},"schema":{"@context":"https:\/\/schema.org","@graph":[{"@type":"WebPage","@id":"https:\/\/www.l-form.fr\/index.php\/lequipe\/","url":"https:\/\/www.l-form.fr\/index.php\/lequipe\/","name":"L'Equipe - L FORM","isPartOf":{"@id":"https:\/\/www.l-form.fr\/#website"},"primaryImageOfPage":{"@id":"https:\/\/www.l-form.fr\/index.php\/lequipe\/#primaryimage"},"image":{"@id":"https:\/\/www.l-form.fr\/index.php\/lequipe\/#primaryimage"},"thumbnailUrl":"https:\/\/www.l-form.fr\/wp-content\/uploads\/2025\/12\/lequipe-1024x724.jpg","datePublished":"2021-06-15T14:19:41+00:00","dateModified":"2025-12-12T14:58:48+00:00","breadcrumb":{"@id":"https:\/\/www.l-form.fr\/index.php\/lequipe\/#breadcrumb"},"inLanguage":"fr-FR","potentialAction":[{"@type":"ReadAction","target":["https:\/\/www.l-form.fr\/index.php\/lequipe\/"]}]},{"@type":"ImageObject","inLanguage":"fr-FR","@id":"https:\/\/www.l-form.fr\/index.php\/lequipe\/#primaryimage","url":"https:\/\/www.l-form.fr\/wp-content\/uploads\/2025\/12\/lequipe.jpg","contentUrl":"https:\/\/www.l-form.fr\/wp-content\/uploads\/2025\/12\/lequipe.jpg","width":2000,"height":1414},{"@type":"BreadcrumbList","@id":"https:\/\/www.l-form.fr\/index.php\/lequipe\/#breadcrumb","itemListElement":[{"@type":"ListItem","position":1,"name":"Accueil","item":"https:\/\/www.l-form.fr\/"},{"@type":"ListItem","position":2,"name":"L&rsquo;Equipe"}]},{"@type":"WebSite","@id":"https:\/\/www.l-form.fr\/#website","url":"https:\/\/www.l-form.fr\/","name":"L FORM","description":"Un moment pour elles","publisher":{"@id":"https:\/\/www.l-form.fr\/#organization"},"potentialAction":[{"@type":"SearchAction","target":{"@type":"EntryPoint","urlTemplate":"https:\/\/www.l-form.fr\/?s={search_term_string}"},"query-input":{"@type":"PropertyValueSpecification","valueRequired":true,"valueName":"search_term_string"}}],"inLanguage":"fr-FR"},{"@type":"Organization","@id":"https:\/\/www.l-form.fr\/#organization","name":"L FORM","url":"https:\/\/www.l-form.fr\/","logo":{"@type":"ImageObject","inLanguage":"fr-FR","@id":"https:\/\/www.l-form.fr\/#\/schema\/logo\/image\/","url":"https:\/\/www.l-form.fr\/wp-content\/uploads\/2021\/06\/cropped-cropped-cropped-logo-lform-1.jpg","contentUrl":"https:\/\/www.l-form.fr\/wp-content\/uploads\/2021\/06\/cropped-cropped-cropped-logo-lform-1.jpg","width":210,"height":70,"caption":"L FORM"},"image":{"@id":"https:\/\/www.l-form.fr\/#\/schema\/logo\/image\/"}}]}},"_links":{"self":[{"href":"https:\/\/www.l-form.fr\/index.php\/wp-json\/wp\/v2\/pages\/216","targetHints":{"allow":["GET"]}}],"collection":[{"href":"https:\/\/www.l-form.fr\/index.php\/wp-json\/wp\/v2\/pages"}],"about":[{"href":"https:\/\/www.l-form.fr\/index.php\/wp-json\/wp\/v2\/types\/page"}],"author":[{"embeddable":true,"href":"https:\/\/www.l-form.fr\/index.php\/wp-json\/wp\/v2\/users\/1"}],"replies":[{"embeddable":true,"href":"https:\/\/www.l-form.fr\/index.php\/wp-json\/wp\/v2\/comments?post=216"}],"version-history":[{"count":0,"href":"https:\/\/www.l-form.fr\/index.php\/wp-json\/wp\/v2\/pages\/216\/revisions"}],"wp:attachment":[{"href":"https:\/\/www.l-form.fr\/index.php\/wp-json\/wp\/v2\/media?parent=216"}],"curies":[{"name":"wp","href":"https:\/\/api.w.org\/{rel}","templated":true}]}}