{"id":71,"date":"2021-06-15T14:41:03","date_gmt":"2021-06-15T12:41:03","guid":{"rendered":"https:\/\/dev.l-form.fr\/?page_id=71"},"modified":"2025-04-29T19:11:51","modified_gmt":"2025-04-29T17:11:51","slug":"cardio-training","status":"publish","type":"page","link":"https:\/\/www.l-form.fr\/index.php\/cardio-training\/","title":{"rendered":"Cardio Training"},"content":{"rendered":"\t\t<div data-elementor-type=\"wp-page\" data-elementor-id=\"71\" class=\"elementor elementor-71\">\n\t\t\t\t\t\t<section class=\"elementor-section elementor-top-section elementor-element elementor-element-376a9dfe elementor-section-boxed elementor-section-height-default elementor-section-height-default\" data-id=\"376a9dfe\" data-element_type=\"section\">\n\t\t\t\t\t\t<div class=\"elementor-container elementor-column-gap-default\">\n\t\t\t\t\t<div class=\"elementor-column elementor-col-100 elementor-top-column elementor-element elementor-element-661d5e3d\" data-id=\"661d5e3d\" data-element_type=\"column\">\n\t\t\t<div class=\"elementor-widget-wrap elementor-element-populated\">\n\t\t\t\t\t\t<div class=\"elementor-element elementor-element-7710b64a elementor-widget elementor-widget-image\" data-id=\"7710b64a\" data-element_type=\"widget\" data-widget_type=\"image.default\">\n\t\t\t\t<div class=\"elementor-widget-container\">\n\t\t\t\t\t\t\t\t\t\t\t\t\t\t\t<img fetchpriority=\"high\" decoding=\"async\" width=\"1024\" height=\"493\" src=\"https:\/\/www.l-form.fr\/wp-content\/uploads\/2021\/06\/LFORM-CARDIOTRAINING-1024x493.png\" class=\"attachment-large size-large wp-image-73\" alt=\"\" srcset=\"https:\/\/www.l-form.fr\/wp-content\/uploads\/2021\/06\/LFORM-CARDIOTRAINING-1024x493.png 1024w, https:\/\/www.l-form.fr\/wp-content\/uploads\/2021\/06\/LFORM-CARDIOTRAINING-300x144.png 300w, https:\/\/www.l-form.fr\/wp-content\/uploads\/2021\/06\/LFORM-CARDIOTRAINING-768x370.png 768w, https:\/\/www.l-form.fr\/wp-content\/uploads\/2021\/06\/LFORM-CARDIOTRAINING.png 1350w\" sizes=\"(max-width: 1024px) 100vw, 1024px\" \/>\t\t\t\t\t\t\t\t\t\t\t\t\t\t\t<\/div>\n\t\t\t\t<\/div>\n\t\t\t\t\t<\/div>\n\t\t<\/div>\n\t\t\t\t\t<\/div>\n\t\t<\/section>\n\t\t\t\t<section class=\"elementor-section elementor-top-section elementor-element elementor-element-55038268 elementor-section-boxed elementor-section-height-default elementor-section-height-default\" data-id=\"55038268\" data-element_type=\"section\">\n\t\t\t\t\t\t<div class=\"elementor-container elementor-column-gap-default\">\n\t\t\t\t\t<div class=\"elementor-column elementor-col-100 elementor-top-column elementor-element elementor-element-458f5c6\" data-id=\"458f5c6\" data-element_type=\"column\">\n\t\t\t<div class=\"elementor-widget-wrap elementor-element-populated\">\n\t\t\t\t\t\t<div class=\"elementor-element elementor-element-4c5a928c elementor-widget elementor-widget-text-editor\" data-id=\"4c5a928c\" data-element_type=\"widget\" data-widget_type=\"text-editor.default\">\n\t\t\t\t<div class=\"elementor-widget-container\">\n\t\t\t\t\t\t\t\t\t<p class=\"MsoNormal\" style=\"background-image: initial; background-position: initial; background-size: initial; background-repeat: initial; background-attachment: initial; background-origin: initial; background-clip: initial;\"><span style=\"font-size:11.5pt;font-family:&quot;Arial&quot;,sans-serif; color:black\">Le cardio training am\u00e9liore votre condition physique et votre<br>\nsouffle : tapis de course pour les plus aguerries, les v\u00e9los, elliptiques,<br>p\u00e9dalos vous permettront de vous remettre en forme sans contraintes pour vos<br>\narticulations et votre dos. Id\u00e9al \u00e9galement pour s\u2019\u00e9chauffer, le cardio-training vous permet de d\u00e9marrer votre s\u00e9ance de sport dans de bonnes<br>\nconditions.<o:p><\/o:p><\/span><\/p>\t\t\t\t\t\t\t\t<\/div>\n\t\t\t\t<\/div>\n\t\t\t\t\t<\/div>\n\t\t<\/div>\n\t\t\t\t\t<\/div>\n\t\t<\/section>\n\t\t\t\t<section class=\"elementor-section elementor-top-section elementor-element elementor-element-2f65b4a8 elementor-section-boxed elementor-section-height-default elementor-section-height-default\" data-id=\"2f65b4a8\" data-element_type=\"section\">\n\t\t\t\t\t\t<div class=\"elementor-container elementor-column-gap-default\">\n\t\t\t\t\t<div class=\"elementor-column elementor-col-66 elementor-top-column elementor-element elementor-element-528d0ec0\" data-id=\"528d0ec0\" data-element_type=\"column\">\n\t\t\t<div class=\"elementor-widget-wrap elementor-element-populated\">\n\t\t\t\t\t\t<div class=\"elementor-element elementor-element-4ff7d51f elementor-widget elementor-widget-video\" data-id=\"4ff7d51f\" data-element_type=\"widget\" data-settings=\"{&quot;youtube_url&quot;:&quot;https:\\\/\\\/youtu.be\\\/W6KqUqglZHE&quot;,&quot;autoplay&quot;:&quot;yes&quot;,&quot;play_on_mobile&quot;:&quot;yes&quot;,&quot;mute&quot;:&quot;yes&quot;,&quot;loop&quot;:&quot;yes&quot;,&quot;video_type&quot;:&quot;youtube&quot;,&quot;controls&quot;:&quot;yes&quot;}\" data-widget_type=\"video.default\">\n\t\t\t\t<div class=\"elementor-widget-container\">\n\t\t\t\t\t\t\t<div class=\"elementor-wrapper elementor-open-inline\">\n\t\t\t<div class=\"elementor-video\"><\/div>\t\t<\/div>\n\t\t\t\t\t\t<\/div>\n\t\t\t\t<\/div>\n\t\t\t\t\t<\/div>\n\t\t<\/div>\n\t\t\t\t<div class=\"elementor-column elementor-col-33 elementor-top-column elementor-element elementor-element-428f4d46\" data-id=\"428f4d46\" data-element_type=\"column\">\n\t\t\t<div class=\"elementor-widget-wrap elementor-element-populated\">\n\t\t\t\t\t\t<div class=\"elementor-element elementor-element-7c9d025c elementor-align-center elementor-widget elementor-widget-button\" data-id=\"7c9d025c\" data-element_type=\"widget\" data-widget_type=\"button.default\">\n\t\t\t\t<div class=\"elementor-widget-container\">\n\t\t\t\t\t\t\t\t\t<div class=\"elementor-button-wrapper\">\n\t\t\t\t\t<a class=\"elementor-button elementor-button-link elementor-size-lg\" href=\"https:\/\/multiresa.net\/sports\/club\/lform\/membre-connexion.html\">\n\t\t\t\t\t\t<span class=\"elementor-button-content-wrapper\">\n\t\t\t\t\t\t\t\t\t<span class=\"elementor-button-text\">Espace abonn\u00e9es<br>R\u00e9server une s\u00e9ance<\/span>\n\t\t\t\t\t<\/span>\n\t\t\t\t\t<\/a>\n\t\t\t\t<\/div>\n\t\t\t\t\t\t\t\t<\/div>\n\t\t\t\t<\/div>\n\t\t\t\t\t<\/div>\n\t\t<\/div>\n\t\t\t\t\t<\/div>\n\t\t<\/section>\n\t\t\t\t<section class=\"elementor-section elementor-top-section elementor-element elementor-element-7600f741 elementor-section-height-min-height elementor-section-boxed elementor-section-height-default elementor-section-items-middle\" data-id=\"7600f741\" data-element_type=\"section\" data-settings=\"{&quot;background_background&quot;:&quot;classic&quot;}\">\n\t\t\t\t\t\t\t<div class=\"elementor-background-overlay\"><\/div>\n\t\t\t\t\t\t\t<div class=\"elementor-container elementor-column-gap-wider\">\n\t\t\t\t\t<div class=\"elementor-column elementor-col-25 elementor-top-column elementor-element elementor-element-3ae5b0e4\" data-id=\"3ae5b0e4\" data-element_type=\"column\">\n\t\t\t<div class=\"elementor-widget-wrap elementor-element-populated\">\n\t\t\t\t\t\t<div class=\"elementor-element elementor-element-3a997678 elementor-widget elementor-widget-image\" data-id=\"3a997678\" data-element_type=\"widget\" data-widget_type=\"image.default\">\n\t\t\t\t<div class=\"elementor-widget-container\">\n\t\t\t\t\t\t\t\t\t\t\t\t\t\t\t<img decoding=\"async\" width=\"210\" height=\"71\" src=\"https:\/\/www.l-form.fr\/wp-content\/uploads\/2021\/06\/cropped-cropped-logo-lform-1.jpg\" class=\"attachment-medium size-medium wp-image-37\" alt=\"\" \/>\t\t\t\t\t\t\t\t\t\t\t\t\t\t\t<\/div>\n\t\t\t\t<\/div>\n\t\t\t\t\t<\/div>\n\t\t<\/div>\n\t\t\t\t<div class=\"elementor-column elementor-col-25 elementor-top-column elementor-element elementor-element-5c5560ba\" data-id=\"5c5560ba\" data-element_type=\"column\">\n\t\t\t<div class=\"elementor-widget-wrap elementor-element-populated\">\n\t\t\t\t\t\t<div class=\"elementor-element elementor-element-2ce406ba animated-slow elementor-invisible elementor-widget elementor-widget-heading\" data-id=\"2ce406ba\" data-element_type=\"widget\" data-settings=\"{&quot;_animation&quot;:&quot;fadeIn&quot;}\" data-widget_type=\"heading.default\">\n\t\t\t\t<div class=\"elementor-widget-container\">\n\t\t\t\t\t<h3 class=\"elementor-heading-title elementor-size-default\">Nous contacter<\/h3>\t\t\t\t<\/div>\n\t\t\t\t<\/div>\n\t\t\t\t<div class=\"elementor-element elementor-element-6a4a8065 elementor-invisible elementor-widget elementor-widget-text-editor\" data-id=\"6a4a8065\" data-element_type=\"widget\" data-settings=\"{&quot;_animation&quot;:&quot;fadeIn&quot;}\" data-widget_type=\"text-editor.default\">\n\t\t\t\t<div class=\"elementor-widget-container\">\n\t\t\t\t\t\t\t\t\t<p>54 bis rue Vend\u00f4me<\/p>\n<p>69006 Lyon<\/p><p>04 78 93 92 14<\/p><p>M\u00e9tro A &#8211; arr\u00eat \u00ab\u00a0Foch\u00a0\u00bb<\/p>\n<p><\/p>\t\t\t\t\t\t\t\t<\/div>\n\t\t\t\t<\/div>\n\t\t\t\t<div class=\"elementor-element elementor-element-339533ee elementor-widget elementor-widget-heading\" data-id=\"339533ee\" data-element_type=\"widget\" data-widget_type=\"heading.default\">\n\t\t\t\t<div class=\"elementor-widget-container\">\n\t\t\t\t\t<p class=\"elementor-heading-title elementor-size-default\"><a href=\"#\">contact@l-form.fr<\/a><\/p>\t\t\t\t<\/div>\n\t\t\t\t<\/div>\n\t\t\t\t\t<\/div>\n\t\t<\/div>\n\t\t\t\t<div class=\"elementor-column elementor-col-25 elementor-top-column elementor-element elementor-element-2fbacad0\" data-id=\"2fbacad0\" data-element_type=\"column\">\n\t\t\t<div class=\"elementor-widget-wrap elementor-element-populated\">\n\t\t\t\t\t\t<div class=\"elementor-element elementor-element-2d1c37f7 animated-slow elementor-invisible elementor-widget elementor-widget-heading\" data-id=\"2d1c37f7\" data-element_type=\"widget\" data-settings=\"{&quot;_animation&quot;:&quot;fadeIn&quot;}\" data-widget_type=\"heading.default\">\n\t\t\t\t<div class=\"elementor-widget-container\">\n\t\t\t\t\t<h3 class=\"elementor-heading-title elementor-size-default\">Pages<\/h3>\t\t\t\t<\/div>\n\t\t\t\t<\/div>\n\t\t\t\t<div class=\"elementor-element elementor-element-e5c677 elementor-align-left elementor-icon-list--layout-traditional elementor-list-item-link-full_width elementor-widget elementor-widget-icon-list\" data-id=\"e5c677\" data-element_type=\"widget\" data-widget_type=\"icon-list.default\">\n\t\t\t\t<div class=\"elementor-widget-container\">\n\t\t\t\t\t\t\t<ul class=\"elementor-icon-list-items\">\n\t\t\t\t\t\t\t<li class=\"elementor-icon-list-item\">\n\t\t\t\t\t\t\t\t\t\t\t<a href=\"https:\/\/www.l-form.fr\/planning\/\" target=\"_blank\">\n\n\t\t\t\t\t\t\t\t\t\t\t<span class=\"elementor-icon-list-text\">Planning<\/span>\n\t\t\t\t\t\t\t\t\t\t\t<\/a>\n\t\t\t\t\t\t\t\t\t<\/li>\n\t\t\t\t\t\t\t\t<li class=\"elementor-icon-list-item\">\n\t\t\t\t\t\t\t\t\t\t\t<a href=\"https:\/\/www.l-form.fr\/activites-lform\/\" target=\"_blank\">\n\n\t\t\t\t\t\t\t\t\t\t\t<span class=\"elementor-icon-list-text\">Activit\u00e9s<\/span>\n\t\t\t\t\t\t\t\t\t\t\t<\/a>\n\t\t\t\t\t\t\t\t\t<\/li>\n\t\t\t\t\t\t\t\t<li class=\"elementor-icon-list-item\">\n\t\t\t\t\t\t\t\t\t\t\t<a href=\"https:\/\/www.l-form.fr\/location-salle\/\" target=\"_blank\">\n\n\t\t\t\t\t\t\t\t\t\t\t<span class=\"elementor-icon-list-text\">Location de salle<\/span>\n\t\t\t\t\t\t\t\t\t\t\t<\/a>\n\t\t\t\t\t\t\t\t\t<\/li>\n\t\t\t\t\t\t\t\t<li class=\"elementor-icon-list-item\">\n\t\t\t\t\t\t\t\t\t\t\t<a href=\"https:\/\/multiresa.net\/sports\/club\/lform\/\" target=\"_blank\">\n\n\t\t\t\t\t\t\t\t\t\t\t<span class=\"elementor-icon-list-text\">Espace abonn\u00e9<\/span>\n\t\t\t\t\t\t\t\t\t\t\t<\/a>\n\t\t\t\t\t\t\t\t\t<\/li>\n\t\t\t\t\t\t\t\t<li class=\"elementor-icon-list-item\">\n\t\t\t\t\t\t\t\t\t\t\t<a href=\"https:\/\/www.l-form.fr\/contact\/\" target=\"_blank\">\n\n\t\t\t\t\t\t\t\t\t\t\t<span class=\"elementor-icon-list-text\">Contact<\/span>\n\t\t\t\t\t\t\t\t\t\t\t<\/a>\n\t\t\t\t\t\t\t\t\t<\/li>\n\t\t\t\t\t\t<\/ul>\n\t\t\t\t\t\t<\/div>\n\t\t\t\t<\/div>\n\t\t\t\t<div class=\"elementor-element elementor-element-46e30534 elementor-shape-circle e-grid-align-left elementor-grid-0 elementor-widget elementor-widget-social-icons\" data-id=\"46e30534\" data-element_type=\"widget\" data-widget_type=\"social-icons.default\">\n\t\t\t\t<div class=\"elementor-widget-container\">\n\t\t\t\t\t\t\t<div class=\"elementor-social-icons-wrapper elementor-grid\" role=\"list\">\n\t\t\t\t\t\t\t<span class=\"elementor-grid-item\" role=\"listitem\">\n\t\t\t\t\t<a class=\"elementor-icon elementor-social-icon elementor-social-icon-facebook-f elementor-repeater-item-28ca676\" href=\"https:\/\/fr-fr.facebook.com\/lformfitness\" target=\"_blank\">\n\t\t\t\t\t\t<span class=\"elementor-screen-only\">Facebook-f<\/span>\n\t\t\t\t\t\t<i aria-hidden=\"true\" class=\"fab fa-facebook-f\"><\/i>\t\t\t\t\t<\/a>\n\t\t\t\t<\/span>\n\t\t\t\t\t\t\t<span class=\"elementor-grid-item\" role=\"listitem\">\n\t\t\t\t\t<a class=\"elementor-icon elementor-social-icon elementor-social-icon-instagram elementor-repeater-item-516a61c\" href=\"https:\/\/www.instagram.com\/lformlyon\/\" target=\"_blank\">\n\t\t\t\t\t\t<span class=\"elementor-screen-only\">Instagram<\/span>\n\t\t\t\t\t\t<i aria-hidden=\"true\" class=\"fab fa-instagram\"><\/i>\t\t\t\t\t<\/a>\n\t\t\t\t<\/span>\n\t\t\t\t\t\t\t<span class=\"elementor-grid-item\" role=\"listitem\">\n\t\t\t\t\t<a class=\"elementor-icon elementor-social-icon elementor-social-icon-youtube elementor-repeater-item-20e5ffa\" href=\"https:\/\/www.youtube.com\/c\/LFORMFIT\" target=\"_blank\">\n\t\t\t\t\t\t<span class=\"elementor-screen-only\">Youtube<\/span>\n\t\t\t\t\t\t<i aria-hidden=\"true\" class=\"fab fa-youtube\"><\/i>\t\t\t\t\t<\/a>\n\t\t\t\t<\/span>\n\t\t\t\t\t<\/div>\n\t\t\t\t\t\t<\/div>\n\t\t\t\t<\/div>\n\t\t\t\t\t<\/div>\n\t\t<\/div>\n\t\t\t\t<div class=\"elementor-column elementor-col-25 elementor-top-column elementor-element elementor-element-75fcb8be\" data-id=\"75fcb8be\" data-element_type=\"column\">\n\t\t\t<div class=\"elementor-widget-wrap elementor-element-populated\">\n\t\t\t\t\t\t<div class=\"elementor-element elementor-element-4e188495 elementor-widget elementor-widget-google_maps\" data-id=\"4e188495\" data-element_type=\"widget\" data-widget_type=\"google_maps.default\">\n\t\t\t\t<div class=\"elementor-widget-container\">\n\t\t\t\t\t\t\t<div class=\"elementor-custom-embed\">\n\t\t\t<iframe loading=\"lazy\"\n\t\t\t\t\tsrc=\"https:\/\/maps.google.com\/maps?q=L%20FORM&#038;t=m&#038;z=10&#038;output=embed&#038;iwloc=near\"\n\t\t\t\t\ttitle=\"L FORM\"\n\t\t\t\t\taria-label=\"L FORM\"\n\t\t\t><\/iframe>\n\t\t<\/div>\n\t\t\t\t\t\t<\/div>\n\t\t\t\t<\/div>\n\t\t\t\t\t<\/div>\n\t\t<\/div>\n\t\t\t\t\t<\/div>\n\t\t<\/section>\n\t\t\t\t<\/div>\n\t\t","protected":false},"excerpt":{"rendered":"<p>Le cardio training am\u00e9liore votre condition physique et votre souffle : tapis de course pour les plus aguerries, les v\u00e9los, elliptiques,p\u00e9dalos vous permettront de vous remettre en forme sans contraintes pour vos articulations et votre dos. Id\u00e9al \u00e9galement pour s\u2019\u00e9chauffer, le cardio-training vous permet de d\u00e9marrer votre s\u00e9ance de sport dans de bonnes conditions. https:\/\/youtu.be\/W6KqUqglZHE [&hellip;]<\/p>\n","protected":false},"author":1,"featured_media":0,"parent":0,"menu_order":0,"comment_status":"closed","ping_status":"closed","template":"","meta":{"ocean_post_layout":"full-screen","ocean_both_sidebars_style":"","ocean_both_sidebars_content_width":0,"ocean_both_sidebars_sidebars_width":0,"ocean_sidebar":"0","ocean_second_sidebar":"0","ocean_disable_margins":"enable","ocean_add_body_class":"","ocean_shortcode_before_top_bar":"","ocean_shortcode_after_top_bar":"","ocean_shortcode_before_header":"","ocean_shortcode_after_header":"","ocean_has_shortcode":"","ocean_shortcode_after_title":"","ocean_shortcode_before_footer_widgets":"","ocean_shortcode_after_footer_widgets":"","ocean_shortcode_before_footer_bottom":"","ocean_shortcode_after_footer_bottom":"","ocean_display_top_bar":"default","ocean_display_header":"default","ocean_header_style":"","ocean_center_header_left_menu":"0","ocean_custom_header_template":"0","ocean_custom_logo":0,"ocean_custom_retina_logo":0,"ocean_custom_logo_max_width":0,"ocean_custom_logo_tablet_max_width":0,"ocean_custom_logo_mobile_max_width":0,"ocean_custom_logo_max_height":0,"ocean_custom_logo_tablet_max_height":0,"ocean_custom_logo_mobile_max_height":0,"ocean_header_custom_menu":"0","ocean_menu_typo_font_family":"0","ocean_menu_typo_font_subset":"","ocean_menu_typo_font_size":0,"ocean_menu_typo_font_size_tablet":0,"ocean_menu_typo_font_size_mobile":0,"ocean_menu_typo_font_size_unit":"px","ocean_menu_typo_font_weight":"","ocean_menu_typo_font_weight_tablet":"","ocean_menu_typo_font_weight_mobile":"","ocean_menu_typo_transform":"","ocean_menu_typo_transform_tablet":"","ocean_menu_typo_transform_mobile":"","ocean_menu_typo_line_height":0,"ocean_menu_typo_line_height_tablet":0,"ocean_menu_typo_line_height_mobile":0,"ocean_menu_typo_line_height_unit":"","ocean_menu_typo_spacing":0,"ocean_menu_typo_spacing_tablet":0,"ocean_menu_typo_spacing_mobile":0,"ocean_menu_typo_spacing_unit":"","ocean_menu_link_color":"","ocean_menu_link_color_hover":"","ocean_menu_link_color_active":"","ocean_menu_link_background":"","ocean_menu_link_hover_background":"","ocean_menu_link_active_background":"","ocean_menu_social_links_bg":"","ocean_menu_social_hover_links_bg":"","ocean_menu_social_links_color":"","ocean_menu_social_hover_links_color":"","ocean_disable_title":"default","ocean_disable_heading":"default","ocean_post_title":"","ocean_post_subheading":"","ocean_post_title_style":"","ocean_post_title_background_color":"","ocean_post_title_background":0,"ocean_post_title_bg_image_position":"","ocean_post_title_bg_image_attachment":"","ocean_post_title_bg_image_repeat":"","ocean_post_title_bg_image_size":"","ocean_post_title_height":0,"ocean_post_title_bg_overlay":0.5,"ocean_post_title_bg_overlay_color":"","ocean_disable_breadcrumbs":"default","ocean_breadcrumbs_color":"","ocean_breadcrumbs_separator_color":"","ocean_breadcrumbs_links_color":"","ocean_breadcrumbs_links_hover_color":"","ocean_display_footer_widgets":"default","ocean_display_footer_bottom":"default","ocean_custom_footer_template":"0","footnotes":""},"class_list":["post-71","page","type-page","status-publish","hentry","entry"],"yoast_head":"<!-- This site is optimized with the Yoast SEO plugin v26.6 - https:\/\/yoast.com\/wordpress\/plugins\/seo\/ -->\n<title>Cardio Training - L FORM<\/title>\n<meta name=\"robots\" content=\"index, follow, max-snippet:-1, max-image-preview:large, max-video-preview:-1\" \/>\n<link rel=\"canonical\" href=\"https:\/\/www.l-form.fr\/index.php\/cardio-training\/\" \/>\n<meta property=\"og:locale\" content=\"fr_FR\" \/>\n<meta property=\"og:type\" content=\"article\" \/>\n<meta property=\"og:title\" content=\"Cardio Training - L FORM\" \/>\n<meta property=\"og:description\" content=\"Le cardio training am\u00e9liore votre condition physique et votre souffle : tapis de course pour les plus aguerries, les v\u00e9los, elliptiques,p\u00e9dalos vous permettront de vous remettre en forme sans contraintes pour vos articulations et votre dos. Id\u00e9al \u00e9galement pour s\u2019\u00e9chauffer, le cardio-training vous permet de d\u00e9marrer votre s\u00e9ance de sport dans de bonnes conditions. https:\/\/youtu.be\/W6KqUqglZHE [&hellip;]\" \/>\n<meta property=\"og:url\" content=\"https:\/\/www.l-form.fr\/index.php\/cardio-training\/\" \/>\n<meta property=\"og:site_name\" content=\"L FORM\" \/>\n<meta property=\"article:modified_time\" content=\"2025-04-29T17:11:51+00:00\" \/>\n<meta property=\"og:image\" content=\"https:\/\/dev.l-form.fr\/wp-content\/uploads\/2021\/06\/LFORM-CARDIOTRAINING-1024x493.png\" \/>\n<meta name=\"twitter:card\" content=\"summary_large_image\" \/>\n<meta name=\"twitter:label1\" content=\"Dur\u00e9e de lecture estim\u00e9e\" \/>\n\t<meta name=\"twitter:data1\" content=\"1 minute\" \/>\n<script type=\"application\/ld+json\" class=\"yoast-schema-graph\">{\"@context\":\"https:\/\/schema.org\",\"@graph\":[{\"@type\":\"WebPage\",\"@id\":\"https:\/\/www.l-form.fr\/index.php\/cardio-training\/\",\"url\":\"https:\/\/www.l-form.fr\/index.php\/cardio-training\/\",\"name\":\"Cardio Training - L FORM\",\"isPartOf\":{\"@id\":\"https:\/\/www.l-form.fr\/#website\"},\"primaryImageOfPage\":{\"@id\":\"https:\/\/www.l-form.fr\/index.php\/cardio-training\/#primaryimage\"},\"image\":{\"@id\":\"https:\/\/www.l-form.fr\/index.php\/cardio-training\/#primaryimage\"},\"thumbnailUrl\":\"https:\/\/dev.l-form.fr\/wp-content\/uploads\/2021\/06\/LFORM-CARDIOTRAINING-1024x493.png\",\"datePublished\":\"2021-06-15T12:41:03+00:00\",\"dateModified\":\"2025-04-29T17:11:51+00:00\",\"breadcrumb\":{\"@id\":\"https:\/\/www.l-form.fr\/index.php\/cardio-training\/#breadcrumb\"},\"inLanguage\":\"fr-FR\",\"potentialAction\":[{\"@type\":\"ReadAction\",\"target\":[\"https:\/\/www.l-form.fr\/index.php\/cardio-training\/\"]}]},{\"@type\":\"ImageObject\",\"inLanguage\":\"fr-FR\",\"@id\":\"https:\/\/www.l-form.fr\/index.php\/cardio-training\/#primaryimage\",\"url\":\"https:\/\/dev.l-form.fr\/wp-content\/uploads\/2021\/06\/LFORM-CARDIOTRAINING-1024x493.png\",\"contentUrl\":\"https:\/\/dev.l-form.fr\/wp-content\/uploads\/2021\/06\/LFORM-CARDIOTRAINING-1024x493.png\"},{\"@type\":\"BreadcrumbList\",\"@id\":\"https:\/\/www.l-form.fr\/index.php\/cardio-training\/#breadcrumb\",\"itemListElement\":[{\"@type\":\"ListItem\",\"position\":1,\"name\":\"Accueil\",\"item\":\"https:\/\/www.l-form.fr\/\"},{\"@type\":\"ListItem\",\"position\":2,\"name\":\"Cardio Training\"}]},{\"@type\":\"WebSite\",\"@id\":\"https:\/\/www.l-form.fr\/#website\",\"url\":\"https:\/\/www.l-form.fr\/\",\"name\":\"L FORM\",\"description\":\"Un moment pour elles\",\"publisher\":{\"@id\":\"https:\/\/www.l-form.fr\/#organization\"},\"potentialAction\":[{\"@type\":\"SearchAction\",\"target\":{\"@type\":\"EntryPoint\",\"urlTemplate\":\"https:\/\/www.l-form.fr\/?s={search_term_string}\"},\"query-input\":{\"@type\":\"PropertyValueSpecification\",\"valueRequired\":true,\"valueName\":\"search_term_string\"}}],\"inLanguage\":\"fr-FR\"},{\"@type\":\"Organization\",\"@id\":\"https:\/\/www.l-form.fr\/#organization\",\"name\":\"L FORM\",\"url\":\"https:\/\/www.l-form.fr\/\",\"logo\":{\"@type\":\"ImageObject\",\"inLanguage\":\"fr-FR\",\"@id\":\"https:\/\/www.l-form.fr\/#\/schema\/logo\/image\/\",\"url\":\"https:\/\/www.l-form.fr\/wp-content\/uploads\/2021\/06\/cropped-cropped-cropped-logo-lform-1.jpg\",\"contentUrl\":\"https:\/\/www.l-form.fr\/wp-content\/uploads\/2021\/06\/cropped-cropped-cropped-logo-lform-1.jpg\",\"width\":210,\"height\":70,\"caption\":\"L FORM\"},\"image\":{\"@id\":\"https:\/\/www.l-form.fr\/#\/schema\/logo\/image\/\"}}]}<\/script>\n<!-- \/ Yoast SEO plugin. -->","yoast_head_json":{"title":"Cardio Training - L FORM","robots":{"index":"index","follow":"follow","max-snippet":"max-snippet:-1","max-image-preview":"max-image-preview:large","max-video-preview":"max-video-preview:-1"},"canonical":"https:\/\/www.l-form.fr\/index.php\/cardio-training\/","og_locale":"fr_FR","og_type":"article","og_title":"Cardio Training - L FORM","og_description":"Le cardio training am\u00e9liore votre condition physique et votre souffle : tapis de course pour les plus aguerries, les v\u00e9los, elliptiques,p\u00e9dalos vous permettront de vous remettre en forme sans contraintes pour vos articulations et votre dos. Id\u00e9al \u00e9galement pour s\u2019\u00e9chauffer, le cardio-training vous permet de d\u00e9marrer votre s\u00e9ance de sport dans de bonnes conditions. https:\/\/youtu.be\/W6KqUqglZHE [&hellip;]","og_url":"https:\/\/www.l-form.fr\/index.php\/cardio-training\/","og_site_name":"L FORM","article_modified_time":"2025-04-29T17:11:51+00:00","og_image":[{"url":"https:\/\/dev.l-form.fr\/wp-content\/uploads\/2021\/06\/LFORM-CARDIOTRAINING-1024x493.png","type":"","width":"","height":""}],"twitter_card":"summary_large_image","twitter_misc":{"Dur\u00e9e de lecture estim\u00e9e":"1 minute"},"schema":{"@context":"https:\/\/schema.org","@graph":[{"@type":"WebPage","@id":"https:\/\/www.l-form.fr\/index.php\/cardio-training\/","url":"https:\/\/www.l-form.fr\/index.php\/cardio-training\/","name":"Cardio Training - L FORM","isPartOf":{"@id":"https:\/\/www.l-form.fr\/#website"},"primaryImageOfPage":{"@id":"https:\/\/www.l-form.fr\/index.php\/cardio-training\/#primaryimage"},"image":{"@id":"https:\/\/www.l-form.fr\/index.php\/cardio-training\/#primaryimage"},"thumbnailUrl":"https:\/\/dev.l-form.fr\/wp-content\/uploads\/2021\/06\/LFORM-CARDIOTRAINING-1024x493.png","datePublished":"2021-06-15T12:41:03+00:00","dateModified":"2025-04-29T17:11:51+00:00","breadcrumb":{"@id":"https:\/\/www.l-form.fr\/index.php\/cardio-training\/#breadcrumb"},"inLanguage":"fr-FR","potentialAction":[{"@type":"ReadAction","target":["https:\/\/www.l-form.fr\/index.php\/cardio-training\/"]}]},{"@type":"ImageObject","inLanguage":"fr-FR","@id":"https:\/\/www.l-form.fr\/index.php\/cardio-training\/#primaryimage","url":"https:\/\/dev.l-form.fr\/wp-content\/uploads\/2021\/06\/LFORM-CARDIOTRAINING-1024x493.png","contentUrl":"https:\/\/dev.l-form.fr\/wp-content\/uploads\/2021\/06\/LFORM-CARDIOTRAINING-1024x493.png"},{"@type":"BreadcrumbList","@id":"https:\/\/www.l-form.fr\/index.php\/cardio-training\/#breadcrumb","itemListElement":[{"@type":"ListItem","position":1,"name":"Accueil","item":"https:\/\/www.l-form.fr\/"},{"@type":"ListItem","position":2,"name":"Cardio Training"}]},{"@type":"WebSite","@id":"https:\/\/www.l-form.fr\/#website","url":"https:\/\/www.l-form.fr\/","name":"L FORM","description":"Un moment pour elles","publisher":{"@id":"https:\/\/www.l-form.fr\/#organization"},"potentialAction":[{"@type":"SearchAction","target":{"@type":"EntryPoint","urlTemplate":"https:\/\/www.l-form.fr\/?s={search_term_string}"},"query-input":{"@type":"PropertyValueSpecification","valueRequired":true,"valueName":"search_term_string"}}],"inLanguage":"fr-FR"},{"@type":"Organization","@id":"https:\/\/www.l-form.fr\/#organization","name":"L FORM","url":"https:\/\/www.l-form.fr\/","logo":{"@type":"ImageObject","inLanguage":"fr-FR","@id":"https:\/\/www.l-form.fr\/#\/schema\/logo\/image\/","url":"https:\/\/www.l-form.fr\/wp-content\/uploads\/2021\/06\/cropped-cropped-cropped-logo-lform-1.jpg","contentUrl":"https:\/\/www.l-form.fr\/wp-content\/uploads\/2021\/06\/cropped-cropped-cropped-logo-lform-1.jpg","width":210,"height":70,"caption":"L FORM"},"image":{"@id":"https:\/\/www.l-form.fr\/#\/schema\/logo\/image\/"}}]}},"_links":{"self":[{"href":"https:\/\/www.l-form.fr\/index.php\/wp-json\/wp\/v2\/pages\/71","targetHints":{"allow":["GET"]}}],"collection":[{"href":"https:\/\/www.l-form.fr\/index.php\/wp-json\/wp\/v2\/pages"}],"about":[{"href":"https:\/\/www.l-form.fr\/index.php\/wp-json\/wp\/v2\/types\/page"}],"author":[{"embeddable":true,"href":"https:\/\/www.l-form.fr\/index.php\/wp-json\/wp\/v2\/users\/1"}],"replies":[{"embeddable":true,"href":"https:\/\/www.l-form.fr\/index.php\/wp-json\/wp\/v2\/comments?post=71"}],"version-history":[{"count":0,"href":"https:\/\/www.l-form.fr\/index.php\/wp-json\/wp\/v2\/pages\/71\/revisions"}],"wp:attachment":[{"href":"https:\/\/www.l-form.fr\/index.php\/wp-json\/wp\/v2\/media?parent=71"}],"curies":[{"name":"wp","href":"https:\/\/api.w.org\/{rel}","templated":true}]}}